{"id":54,"date":"2017-12-14T15:30:15","date_gmt":"2017-12-14T14:30:15","guid":{"rendered":"http:\/\/murielgenot.com\/fr\/?page_id=54"},"modified":"2022-01-25T16:14:31","modified_gmt":"2022-01-25T15:14:31","slug":"tarifs","status":"publish","type":"page","link":"https:\/\/murielgenot.com\/fr\/tarifs\/","title":{"rendered":"Tarifs, r\u00e8glements et remboursement"},"content":{"rendered":"\n<p>Le tarif des s\u00e9ances est de 70 euros. Il peut \u00eatre r\u00e9duit tenant compte des conditions de ressources de la personne qui consulte.<\/p>\n\n\n\n<p>Le r\u00e8glement des s\u00e9ances s\u2019effectue par virement bancaire apr\u00e8s chaque s\u00e9ance ou sur une base mensuelle en cas de suivi prolong\u00e9.<\/p>\n\n\n\n<p>Certaines mutuelles, sur pr\u00e9sentation de factures, contribuent au remboursement d\u2019un certain nombre de s\u00e9ances par an. Je fournirai des factures \u00e0 la demande.<\/p>\n\n\n\n<p>Toute annulation devra se faire au moins 24 heures \u00e0 l\u2019avance, dans le cas contraire la s\u00e9ance sera due (sauf cas de force majeure). &nbsp;Il se peut n\u00e9anmoins que des probl\u00e8mes de connexion puissent conduire \u00e0 une reprogrammation du rendez-vous ou \u00e0 un changement de mode de communication.<\/p>\n","protected":false},"excerpt":{"rendered":"<p>Le tarif des s\u00e9ances est de 70 euros. Il peut \u00eatre r\u00e9duit tenant compte des conditions de ressources de la personne qui consulte. Le r\u00e8glement des s\u00e9ances s\u2019effectue par virement bancaire apr\u00e8s chaque s\u00e9ance ou sur une base mensuelle en cas de suivi prolong\u00e9. Certaines mutuelles, sur pr\u00e9sentation de factures, contribuent au remboursement d\u2019un certain ... <\/p>\n","protected":false},"author":1,"featured_media":0,"parent":0,"menu_order":60,"comment_status":"closed","ping_status":"closed","template":"","meta":{"footnotes":""},"tags":[],"class_list":["post-54","page","type-page","status-publish","hentry"],"_links":{"self":[{"href":"https:\/\/murielgenot.com\/fr\/wp-json\/wp\/v2\/pages\/54","targetHints":{"allow":["GET"]}}],"collection":[{"href":"https:\/\/murielgenot.com\/fr\/wp-json\/wp\/v2\/pages"}],"about":[{"href":"https:\/\/murielgenot.com\/fr\/wp-json\/wp\/v2\/types\/page"}],"author":[{"embeddable":true,"href":"https:\/\/murielgenot.com\/fr\/wp-json\/wp\/v2\/users\/1"}],"replies":[{"embeddable":true,"href":"https:\/\/murielgenot.com\/fr\/wp-json\/wp\/v2\/comments?post=54"}],"version-history":[{"count":6,"href":"https:\/\/murielgenot.com\/fr\/wp-json\/wp\/v2\/pages\/54\/revisions"}],"predecessor-version":[{"id":134,"href":"https:\/\/murielgenot.com\/fr\/wp-json\/wp\/v2\/pages\/54\/revisions\/134"}],"wp:attachment":[{"href":"https:\/\/murielgenot.com\/fr\/wp-json\/wp\/v2\/media?parent=54"}],"wp:term":[{"taxonomy":"post_tag","embeddable":true,"href":"https:\/\/murielgenot.com\/fr\/wp-json\/wp\/v2\/tags?post=54"}],"curies":[{"name":"wp","href":"https:\/\/api.w.org\/{rel}","templated":true}]}}