{"id":47,"date":"2017-12-13T11:37:41","date_gmt":"2017-12-13T10:37:41","guid":{"rendered":"http:\/\/murielgenot.com\/fr\/?page_id=47"},"modified":"2020-12-14T12:57:48","modified_gmt":"2020-12-14T11:57:48","slug":"prendre-rendez-vous","status":"publish","type":"page","link":"https:\/\/murielgenot.com\/fr\/prendre-rendez-vous\/","title":{"rendered":"Prendre rendez-vous"},"content":{"rendered":"<p>Remplissez le formulaire ci-dessous, vous aurez un retour de ma part sous 48 heures maximum.<\/p>\n\n<div class=\"frm_forms  with_frm_style frm_style_style-formidable\" id=\"frm_form_2_container\" >\n<form enctype=\"multipart\/form-data\" method=\"post\" class=\"frm-show-form \" id=\"form_appointments\" >\n<div class=\"frm_form_fields \">\n<fieldset>\n<legend class=\"frm_screen_reader\">Prendre rendez-vous<\/legend>\r\n\r\n<div class=\"frm_fields_container\">\n<input type=\"hidden\" name=\"frm_action\" value=\"create\" \/>\n<input type=\"hidden\" name=\"form_id\" value=\"2\" \/>\n<input type=\"hidden\" name=\"frm_hide_fields_2\" id=\"frm_hide_fields_2\" value=\"\" \/>\n<input type=\"hidden\" name=\"form_key\" value=\"appointments\" \/>\n<input type=\"hidden\" name=\"item_meta[0]\" value=\"\" \/>\n<input type=\"hidden\" id=\"frm_submit_entry_2\" name=\"frm_submit_entry_2\" value=\"574a213788\" \/><input type=\"hidden\" name=\"_wp_http_referer\" value=\"\/fr\/wp-json\/wp\/v2\/pages\/47\" \/><div id=\"frm_field_6_container\" class=\"frm_form_field form-field  frm_required_field frm_top_container\">\r\n    <label for=\"field_izeko\" id=\"field_izeko_label\" class=\"frm_primary_label\">Pr\u00e9nom\r\n        <span class=\"frm_required\">*<\/span>\r\n    <\/label>\r\n    <input type=\"text\" id=\"field_izeko\" name=\"item_meta[6]\" value=\"\"  data-reqmsg=\"Ce champ ne peut pas \u00eatre vide\" aria-required=\"true\" data-invmsg=\"Text is invalid\" aria-invalid=\"false\"  \/>\r\n    \r\n    \r\n<\/div>\n<div id=\"frm_field_7_container\" class=\"frm_form_field form-field  frm_required_field frm_top_container\">\r\n    <label for=\"field_k8jyc\" id=\"field_k8jyc_label\" class=\"frm_primary_label\">Nom\r\n        <span class=\"frm_required\">*<\/span>\r\n    <\/label>\r\n    <input type=\"text\" id=\"field_k8jyc\" name=\"item_meta[7]\" value=\"\"  data-reqmsg=\"Ce champ ne peut pas \u00eatre vide\" aria-required=\"true\" data-invmsg=\"Text is invalid\" aria-invalid=\"false\"  \/>\r\n    \r\n    \r\n<\/div>\n<div id=\"frm_field_8_container\" class=\"frm_form_field form-field  frm_required_field frm_top_container\">\r\n    <label for=\"field_7f2ru\" id=\"field_7f2ru_label\" class=\"frm_primary_label\">Email\r\n        <span class=\"frm_required\">*<\/span>\r\n    <\/label>\r\n    <input type=\"email\" id=\"field_7f2ru\" name=\"item_meta[8]\" value=\"\"  data-reqmsg=\"Ce champ ne peut pas \u00eatre vide\" aria-required=\"true\" data-invmsg=\"Email est non valide\" aria-invalid=\"false\"  \/>\r\n    \r\n    \r\n<\/div>\n<div id=\"frm_field_9_container\" class=\"frm_form_field form-field  frm_top_container vertical_radio\">\r\n    <div  id=\"field_z8o63_label\" class=\"frm_primary_label\">Modalit\u00e9 de communication pr\u00e9f\u00e9r\u00e9e\r\n        <span class=\"frm_required\"><\/span>\r\n    <\/div>\r\n    <div class=\"frm_opt_container\" aria-labelledby=\"field_z8o63_label\" role=\"group\">\t\t<div class=\"frm_checkbox\" id=\"frm_checkbox_9-0\">\t\t\t<label  for=\"field_z8o63-0\">\n\t\t\t<input type=\"checkbox\" name=\"item_meta[9][]\" id=\"field_z8o63-0\" value=\"Skype\"  data-invmsg=\"Modalit\u00e9 de communication pr\u00e9f\u00e9r\u00e9e est non valide\"   \/> Skype<\/label><\/div>\n\t\t<div class=\"frm_checkbox\" id=\"frm_checkbox_9-1\">\t\t\t<label  for=\"field_z8o63-1\">\n\t\t\t<input type=\"checkbox\" name=\"item_meta[9][]\" id=\"field_z8o63-1\" value=\"WhatsApp\"  data-invmsg=\"Modalit\u00e9 de communication pr\u00e9f\u00e9r\u00e9e est non valide\"   \/> WhatsApp<\/label><\/div>\n\t\t<div class=\"frm_checkbox\" id=\"frm_checkbox_9-2\">\t\t\t<label  for=\"field_z8o63-2\">\n\t\t\t<input type=\"checkbox\" name=\"item_meta[9][]\" id=\"field_z8o63-2\" value=\"Telephone\"  data-invmsg=\"Modalit\u00e9 de communication pr\u00e9f\u00e9r\u00e9e est non valide\"   \/> Telephone<\/label><\/div>\n<\/div>\r\n    \r\n    \r\n<\/div>\n<div id=\"frm_field_10_container\" class=\"frm_form_field form-field  frm_top_container vertical_radio\">\r\n    <div  id=\"field_i9qmc_label\" class=\"frm_primary_label\">Compte Whatsapp\r\n        <span class=\"frm_required\"><\/span>\r\n    <\/div>\r\n    <div class=\"frm_opt_container\" aria-labelledby=\"field_i9qmc_label\" role=\"radiogroup\">\t\t<div class=\"frm_radio\" id=\"frm_radio_10-0\">\t\t\t<label  for=\"field_i9qmc-0\">\n\t\t\t\t\t<input type=\"radio\" name=\"item_meta[10]\" id=\"field_i9qmc-0\" value=\"Oui\"\n\t\t data-invmsg=\"Compte Whatsapp est non valide\"   \/> Oui<\/label><\/div>\n\t\t<div class=\"frm_radio\" id=\"frm_radio_10-1\">\t\t\t<label  for=\"field_i9qmc-1\">\n\t\t\t\t\t<input type=\"radio\" name=\"item_meta[10]\" id=\"field_i9qmc-1\" value=\"Non\"\n\t\t data-invmsg=\"Compte Whatsapp est non valide\"   \/> Non<\/label><\/div>\n<\/div>\r\n    \r\n    \r\n<\/div>\n<div id=\"frm_field_11_container\" class=\"frm_form_field form-field  frm_top_container\">\r\n    <label for=\"field_fu0a2\" id=\"field_fu0a2_label\" class=\"frm_primary_label\">T\u00e9l\u00e9phone\r\n        <span class=\"frm_required\"><\/span>\r\n    <\/label>\r\n    <input type=\"tel\" id=\"field_fu0a2\" name=\"item_meta[11]\" value=\"\"  data-invmsg=\"Phone est non valide\" aria-invalid=\"false\" pattern=\"((\\+\\d{1,3}(-|.| )?\\(?\\d\\)?(-| |.)?\\d{1,5})|(\\(?\\d{2,6}\\)?))(-|.| )?(\\d{3,4})(-|.| )?(\\d{4})(( x| ext)\\d{1,5}){0,1}$\"  \/>\r\n    \r\n    \r\n<\/div>\n<div id=\"frm_field_12_container\" class=\"frm_form_field form-field  frm_top_container\">\r\n    <label for=\"field_byjxy\" id=\"field_byjxy_label\" class=\"frm_primary_label\">Pays de localisation actuelle\r\n        <span class=\"frm_required\"><\/span>\r\n    <\/label>\r\n    <input type=\"text\" id=\"field_byjxy\" name=\"item_meta[12]\" value=\"\"  data-invmsg=\"Text is invalid\" aria-invalid=\"false\"  \/>\r\n    \r\n    \r\n<\/div>\n<div id=\"frm_field_13_container\" class=\"frm_form_field form-field  frm_top_container\">\r\n    <label for=\"field_k82pb\" id=\"field_k82pb_label\" class=\"frm_primary_label\">Langue de consultation d\u00e9sir\u00e9e\r\n        <span class=\"frm_required\"><\/span>\r\n    <\/label>\r\n    <input type=\"text\" id=\"field_k82pb\" name=\"item_meta[13]\" value=\"\"  data-invmsg=\"Text is invalid\" aria-invalid=\"false\"  \/>\r\n    \r\n    \r\n<\/div>\n<div id=\"frm_field_14_container\" class=\"frm_form_field form-field  frm_required_field frm_top_container\">\r\n    <label for=\"field_59v46\" id=\"field_59v46_label\" class=\"frm_primary_label\">Message\r\n        <span class=\"frm_required\">*<\/span>\r\n    <\/label>\r\n    <textarea name=\"item_meta[14]\" id=\"field_59v46\" rows=\"5\"  data-reqmsg=\"Ce champ ne peut pas \u00eatre vide\" aria-required=\"true\" data-invmsg=\"Message est non valide\" aria-invalid=\"false\"  ><\/textarea>\r\n    \r\n    \r\n<\/div>\n<div id=\"frm_field_15_container\" class=\"frm_form_field form-field  frm_none_container\">\r\n    <label for=\"g-recaptcha-response\" id=\"field_t6xnv_label\" class=\"frm_primary_label\">reCAPTCHA\r\n        <span class=\"frm_required\"><\/span>\r\n    <\/label>\r\n    <div  id=\"field_t6xnv\" class=\"frm-g-recaptcha\" data-sitekey=\"6LerBzkUAAAAANfw9T8rLA6jF3wwT87ulTzKmN22\" data-size=\"normal\" data-theme=\"light\"><\/div>\r\n    \r\n    \r\n<\/div>\n\t<input type=\"hidden\" name=\"item_key\" value=\"\" \/>\n\t\t\t<div id=\"frm_field_16_container\">\n\t\t\t<label for=\"field_higct\" >\n\t\t\t\tSi vous \u00eates un humain, ne remplissez pas ce champ.\t\t\t<\/label>\n\t\t\t<input  id=\"field_higct\" type=\"text\" class=\"frm_form_field form-field frm_verify\" name=\"item_meta[16]\" value=\"\"  \/>\n\t\t<\/div>\n\t\t<input name=\"frm_state\" type=\"hidden\" value=\"AKvEkdB+ogg3B0lHOBwKwdFS+GHKcz8t7py5eJiwCNc=\" \/><div class=\"frm_submit\">\r\n\r\n<button class=\"frm_button_submit\" type=\"submit\"  >Envoyer<\/button>\r\n\r\n<\/div><\/div>\n<\/fieldset>\n<\/div>\n\n<\/form>\n<\/div>\n","protected":false},"excerpt":{"rendered":"<p>Remplissez le formulaire ci-dessous, vous aurez un retour de ma part sous 48 heures maximum.<\/p>\n","protected":false},"author":1,"featured_media":0,"parent":0,"menu_order":60,"comment_status":"closed","ping_status":"closed","template":"","meta":{"footnotes":""},"tags":[],"class_list":["post-47","page","type-page","status-publish","hentry"],"_links":{"self":[{"href":"https:\/\/murielgenot.com\/fr\/wp-json\/wp\/v2\/pages\/47","targetHints":{"allow":["GET"]}}],"collection":[{"href":"https:\/\/murielgenot.com\/fr\/wp-json\/wp\/v2\/pages"}],"about":[{"href":"https:\/\/murielgenot.com\/fr\/wp-json\/wp\/v2\/types\/page"}],"author":[{"embeddable":true,"href":"https:\/\/murielgenot.com\/fr\/wp-json\/wp\/v2\/users\/1"}],"replies":[{"embeddable":true,"href":"https:\/\/murielgenot.com\/fr\/wp-json\/wp\/v2\/comments?post=47"}],"version-history":[{"count":4,"href":"https:\/\/murielgenot.com\/fr\/wp-json\/wp\/v2\/pages\/47\/revisions"}],"predecessor-version":[{"id":130,"href":"https:\/\/murielgenot.com\/fr\/wp-json\/wp\/v2\/pages\/47\/revisions\/130"}],"wp:attachment":[{"href":"https:\/\/murielgenot.com\/fr\/wp-json\/wp\/v2\/media?parent=47"}],"wp:term":[{"taxonomy":"post_tag","embeddable":true,"href":"https:\/\/murielgenot.com\/fr\/wp-json\/wp\/v2\/tags?post=47"}],"curies":[{"name":"wp","href":"https:\/\/api.w.org\/{rel}","templated":true}]}}