{"id":41,"date":"2017-12-13T11:24:37","date_gmt":"2017-12-13T10:24:37","guid":{"rendered":"http:\/\/murielgenot.com\/fr\/?page_id=41"},"modified":"2018-01-09T13:33:39","modified_gmt":"2018-01-09T12:33:39","slug":"quand-consulter-duree-de-suivi","status":"publish","type":"page","link":"https:\/\/murielgenot.com\/fr\/quand-consulter-duree-de-suivi\/","title":{"rendered":"La consultation"},"content":{"rendered":"<h3>Quand consulter \/ Dur\u00e9e du suivi ?<\/h3>\n<p>C\u2019est souvent l\u2019intuition qui renseigne nos besoins, j\u2019invite chacun \u00e0 en suivre l\u2019inspiration sans trop tarder. La seule condition sera de pouvoir b\u00e9n\u00e9ficier d\u2019une connexion \u00e0 distance (voir modalit\u00e9s plus bas). La premi\u00e8re consultation est un premier temps pour que s\u2019abordent et se clarifient les questions que se pose le\/la consultant\/e en rapport avec la nature et les modalit\u00e9s d\u2019une consultation psychologique.<\/p>\n<p>J\u2019accompagne les personnes selon leurs besoins pour quelques consultations seulement ou sur une dur\u00e9e plus longue de quelques mois, jusqu\u2019\u00e0 une ann\u00e9e. En cas de suivi, il sera convenu d\u2019une r\u00e9gularit\u00e9 de s\u00e9ances qui tienne compte des contraintes du\/de la consultant\/e et qui permette au travail psychique de se faire. Dans tous cas le parcours de chacun\/e sera singulier et l\u2019objet d\u2019un dialogue entre la th\u00e9rapeute et le\/la consultant\/e.<\/p>\n<h3>Plus concr\u00e8tement\u00a0?<\/h3>\n<p>Les consultations peuvent se faire via Skype, WhatsApp, Zoom, avec ou sans vid\u00e9o ou par t\u00e9l\u00e9phone.<\/p>\n<p>Une s\u00e9ance dure entre 45 minutes et une heure.<\/p>\n<p>Le jour et l\u2019heure de la s\u00e9ance sont fix\u00e9s \u00e0 l\u2019avance.<\/p>\n<p>A l\u2019heure du RV c\u2019est le\/la consultant\/e qui me contacte sur le media qui a \u00e9t\u00e9 convenu, comme si il\/elle sonnait \u00e0 la porte de mon cabinet.<\/p>\n<h3>Quelques r\u00e8gles<\/h3>\n<p>Lorsqu\u2019une consultation est engag\u00e9e et dans le cas o\u00f9 la communication est interrompue pour des raisons techniques, je prends l\u2019initiative de r\u00e9tablir le contact.<\/p>\n<p>Il est recommand\u00e9 que la personne se choisisse pour la consultation un endroit confortable o\u00f9 elle se sentira en position de parler librement. Dans la mesure du possible, il est \u00e9galement pr\u00e9f\u00e9rable de se donner quelques minutes apr\u00e8s la consultation avant d\u2019avoir \u00e0 repartir pour des activit\u00e9s professionnelles, sociales ou familiales.<\/p>\n<h3>D\u00e9ontologie, confidentialit\u00e9 et s\u00e9curit\u00e9<\/h3>\n<p>Je pratique dans le respect du code de d\u00e9ontologie des psychologues \u00e9dict\u00e9 en France conform\u00e9ment aux l\u00e9gislations internationales en mati\u00e8re de droits fondamentaux. Je me r\u00e9f\u00e8re en particulier aux obligations concernant le respect du secret professionnel et les r\u00e8gles de confidentialit\u00e9. Ces r\u00e8gles sont les m\u00eames que celles qui s\u2019appliquent lors d\u2019une consultation en face \u00e0 face. Elles s\u2019appliquent \u00e0 mes \u00e9changes avec le professionnel\/l\u2019organisation qui me r\u00e9f\u00e9rerait un\/e consultant\/e.<\/p>\n<p><a href=\"http:\/\/www.codededeontologiedespsychologues.fr\/IMG\/pdf\/Codededeontologiedespsychologues-fr-2.pdf\">www.codededeontologiedespsychologues.fr<\/a><\/p>\n<p>En France, l\u2019Etat contr\u00f4le les psychologues en leur attribuant un num\u00e9ro d\u2019enregistrement (n\u00b0 Adeli).<\/p>\n<p>Mon activit\u00e9 est enregistr\u00e9e aupr\u00e8s de l\u2019URSSAF ce qui me permet de produire des factures.<\/p>\n<p>N\u00b0 de SIRET\u00a0: 82761516200019 \/ N\u00b0 Adeli\u00a0: 759365166<\/p>\n<p>&nbsp;<\/p>\n","protected":false},"excerpt":{"rendered":"<p>Quand consulter \/ Dur\u00e9e du suivi ? C\u2019est souvent l\u2019intuition qui renseigne nos besoins, j\u2019invite chacun \u00e0 en suivre l\u2019inspiration sans trop tarder. La seule condition sera de pouvoir b\u00e9n\u00e9ficier d\u2019une connexion \u00e0 distance (voir modalit\u00e9s plus bas). La premi\u00e8re consultation est un premier temps pour que s\u2019abordent et se clarifient les questions que se ... <\/p>\n","protected":false},"author":1,"featured_media":0,"parent":0,"menu_order":40,"comment_status":"closed","ping_status":"closed","template":"","meta":{"footnotes":""},"tags":[],"class_list":["post-41","page","type-page","status-publish","hentry"],"_links":{"self":[{"href":"https:\/\/murielgenot.com\/fr\/wp-json\/wp\/v2\/pages\/41","targetHints":{"allow":["GET"]}}],"collection":[{"href":"https:\/\/murielgenot.com\/fr\/wp-json\/wp\/v2\/pages"}],"about":[{"href":"https:\/\/murielgenot.com\/fr\/wp-json\/wp\/v2\/types\/page"}],"author":[{"embeddable":true,"href":"https:\/\/murielgenot.com\/fr\/wp-json\/wp\/v2\/users\/1"}],"replies":[{"embeddable":true,"href":"https:\/\/murielgenot.com\/fr\/wp-json\/wp\/v2\/comments?post=41"}],"version-history":[{"count":10,"href":"https:\/\/murielgenot.com\/fr\/wp-json\/wp\/v2\/pages\/41\/revisions"}],"predecessor-version":[{"id":110,"href":"https:\/\/murielgenot.com\/fr\/wp-json\/wp\/v2\/pages\/41\/revisions\/110"}],"wp:attachment":[{"href":"https:\/\/murielgenot.com\/fr\/wp-json\/wp\/v2\/media?parent=41"}],"wp:term":[{"taxonomy":"post_tag","embeddable":true,"href":"https:\/\/murielgenot.com\/fr\/wp-json\/wp\/v2\/tags?post=41"}],"curies":[{"name":"wp","href":"https:\/\/api.w.org\/{rel}","templated":true}]}}