{"id":4,"date":"2017-12-13T09:21:16","date_gmt":"2017-12-13T08:21:16","guid":{"rendered":"http:\/\/murielgenot.com\/fr\/?page_id=4"},"modified":"2018-02-01T15:47:42","modified_gmt":"2018-02-01T14:47:42","slug":"accueil","status":"publish","type":"page","link":"https:\/\/murielgenot.com\/fr\/","title":{"rendered":"Accueil"},"content":{"rendered":"<div id=\"pl-4\"  class=\"panel-layout\" ><div id=\"pg-4-0\"  class=\"panel-grid panel-has-style\" ><div class=\"panel-row-style panel-row-style-for-4-0\" ><div id=\"pgc-4-0-0\"  class=\"panel-grid-cell\" ><div id=\"panel-4-0-0-0\" class=\"so-panel widget widget_sow-headline panel-first-child panel-last-child\" data-index=\"0\" ><div\n\t\t\t\n\t\t\tclass=\"so-widget-sow-headline so-widget-sow-headline-default-7ee9882b7c77-4\"\n\t\t\t\n\t\t><div class=\"sow-headline-container \">\n\t\t\t\t\t\t\t<h1 class=\"sow-headline\">\n\t\t\t\t\t\tSp\u00e9cialis\u00e9e dans le soutien psychologique \u00e0 distance <br \/>pour les travailleurs(euses) humanitaires et expatri\u00e9(e)s <br \/>avant, pendant et apr\u00e8s leur mission \t\t\t\t\t\t<\/h1>\n\t\t\t\t\t\t\t\t\t\t\t<div class=\"decoration\">\n\t\t\t\t\t\t<div class=\"decoration-inside\"><\/div>\n\t\t\t\t\t<\/div>\n\t\t\t\t\t\t\t\t\t\t\t<h2 class=\"sow-sub-headline\">\n\t\t\t\t\t\tConsultations psychologiques et th\u00e9rapies br\u00e8ves\t\t\t\t\t\t<\/h2>\n\t\t\t\t\t\t<\/div>\n<\/div><\/div><\/div><\/div><\/div><div id=\"pg-4-1\"  class=\"panel-grid panel-has-style\" ><div class=\"panel-row-style panel-row-style-for-4-1\" ><div id=\"pgc-4-1-0\"  class=\"panel-grid-cell\" ><div id=\"panel-4-1-0-0\" class=\"so-panel widget widget_sow-image panel-first-child panel-last-child\" data-index=\"1\" ><div\n\t\t\t\n\t\t\tclass=\"so-widget-sow-image so-widget-sow-image-default-8b5b6f678277-4\"\n\t\t\t\n\t\t>\n<div class=\"sow-image-container\">\n\t\t<img \n\tsrc=\"https:\/\/murielgenot.com\/fr\/wp-content\/uploads\/sites\/2\/2017\/12\/Muriel-Genot.jpg\" width=\"448\" height=\"448\" srcset=\"https:\/\/murielgenot.com\/fr\/wp-content\/uploads\/sites\/2\/2017\/12\/Muriel-Genot.jpg 448w, https:\/\/murielgenot.com\/fr\/wp-content\/uploads\/sites\/2\/2017\/12\/Muriel-Genot-150x150.jpg 150w, https:\/\/murielgenot.com\/fr\/wp-content\/uploads\/sites\/2\/2017\/12\/Muriel-Genot-300x300.jpg 300w\" sizes=\"(max-width: 448px) 100vw, 448px\" title=\"Muriel G\u00e9not, psychologue clinicienne - psychoth\u00e9rapeute\" alt=\"Muriel G\u00e9not, Psychologue clinicienne - Psychoth\u00e9rapeute\" \t\tclass=\"so-widget-image\"\/>\n\t<\/div>\n\n<\/div><\/div><\/div><div id=\"pgc-4-1-1\"  class=\"panel-grid-cell\" ><div id=\"panel-4-1-1-0\" class=\"so-panel widget widget_sow-editor panel-first-child panel-last-child\" data-index=\"2\" ><div\n\t\t\t\n\t\t\tclass=\"so-widget-sow-editor so-widget-sow-editor-base\"\n\t\t\t\n\t\t>\n<div class=\"siteorigin-widget-tinymce textwidget\">\n\t<p>Je suis psychologue clinicienne dipl\u00f4m\u00e9e de l'universit\u00e9 Paris V et j'ai compl\u00e9t\u00e9 cette formation initiale par un dipl\u00f4me universitaire en Psychiatrie transculturelle obtenu \u00e0 l'universit\u00e9 Paris XIII.<\/p>\n<p>J'ai travaill\u00e9 15 ann\u00e9es sur les terrains humanitaires en situation de conflit ou de post-conflit. J\u2019ai contribu\u00e9 \u00e0 la mise en \u0153uvre de programmes d\u2019assistance d\u2019urgence et \u00e0 la r\u00e9ponse apport\u00e9e aux cons\u00e9quences psychiques du stress et du trauma. Autant d\u2019ann\u00e9es durant lesquelles j\u2019ai construit ma pratique th\u00e9rapeutique qui sait se mettre \u00e0 l\u2019\u00e9coute du consultant l\u00e0 o\u00f9 il se tient, parfois en d\u00e9s\u00e9quilibre dans son histoire, et qui sait l\u2019accompagner vers le r\u00e9tablissement de liens cr\u00e9atifs avec ses ressources internes et externes.<\/p>\n<p>Je propose des consultations cliniques et des psychoth\u00e9rapies br\u00e8ves pouvant aller de quelques s\u00e9ances \u00e0 une ann\u00e9e.<\/p>\n<p>Je consulte en fran\u00e7ais, anglais et espagnol et suis famili\u00e8re de la langue Arabe parl\u00e9e au Moyen Orient.<\/p>\n<\/div>\n<\/div><\/div><\/div><\/div><\/div><\/div>","protected":false},"excerpt":{"rendered":"<p>Je suis psychologue clinicienne dipl\u00f4m\u00e9e de l&rsquo;universit\u00e9 Paris V et j&rsquo;ai compl\u00e9t\u00e9 cette formation initiale par un dipl\u00f4me universitaire en Psychiatrie transculturelle obtenu \u00e0 l&rsquo;universit\u00e9 Paris XIII. J&rsquo;ai travaill\u00e9 15 ann\u00e9es sur les terrains humanitaires en situation de conflit ou de post-conflit. J\u2019ai contribu\u00e9 \u00e0 la mise en \u0153uvre de programmes d\u2019assistance d\u2019urgence et \u00e0 ... <\/p>\n","protected":false},"author":1,"featured_media":0,"parent":0,"menu_order":0,"comment_status":"closed","ping_status":"closed","template":"","meta":{"footnotes":""},"tags":[],"class_list":["post-4","page","type-page","status-publish","hentry"],"_links":{"self":[{"href":"https:\/\/murielgenot.com\/fr\/wp-json\/wp\/v2\/pages\/4","targetHints":{"allow":["GET"]}}],"collection":[{"href":"https:\/\/murielgenot.com\/fr\/wp-json\/wp\/v2\/pages"}],"about":[{"href":"https:\/\/murielgenot.com\/fr\/wp-json\/wp\/v2\/types\/page"}],"author":[{"embeddable":true,"href":"https:\/\/murielgenot.com\/fr\/wp-json\/wp\/v2\/users\/1"}],"replies":[{"embeddable":true,"href":"https:\/\/murielgenot.com\/fr\/wp-json\/wp\/v2\/comments?post=4"}],"version-history":[{"count":31,"href":"https:\/\/murielgenot.com\/fr\/wp-json\/wp\/v2\/pages\/4\/revisions"}],"predecessor-version":[{"id":121,"href":"https:\/\/murielgenot.com\/fr\/wp-json\/wp\/v2\/pages\/4\/revisions\/121"}],"wp:attachment":[{"href":"https:\/\/murielgenot.com\/fr\/wp-json\/wp\/v2\/media?parent=4"}],"wp:term":[{"taxonomy":"post_tag","embeddable":true,"href":"https:\/\/murielgenot.com\/fr\/wp-json\/wp\/v2\/tags?post=4"}],"curies":[{"name":"wp","href":"https:\/\/api.w.org\/{rel}","templated":true}]}}