{"id":39,"date":"2017-12-13T11:24:13","date_gmt":"2017-12-13T10:24:13","guid":{"rendered":"http:\/\/murielgenot.com\/fr\/?page_id=39"},"modified":"2017-12-20T09:06:37","modified_gmt":"2017-12-20T08:06:37","slug":"mon-approche","status":"publish","type":"page","link":"https:\/\/murielgenot.com\/fr\/mon-approche\/","title":{"rendered":"Mon approche"},"content":{"rendered":"<p>Je propose des consultations cliniques et des psychoth\u00e9rapies br\u00e8ves. Je m\u2019appuie sur la psychanalyse et sur la compl\u00e9mentarit\u00e9 des \u00e9clairages anthropologiques et culturels pour comprendre la souffrance psychique et les difficult\u00e9s rencontr\u00e9es. Mon approche consiste donc en une th\u00e9rapie par la parole qui tient compte de la vie psychique inconsciente, des \u00e9v\u00e8nements de vie pass\u00e9s et des conceptions culturelles de la personne que j\u2019accompagne.<\/p>\n<p><strong>Je soutiens un processus personnel de transformation \u00e0 la faveur duquel la personne tisse ou retisse du sens pour elle-m\u00eame et, partant, r\u00e9tablisse un lien vivant et cr\u00e9atif avec ses ressources internes et externes<\/strong>.<\/p>\n<p>Selon les besoins et de mani\u00e8re non syst\u00e9matique, je peux avoir recours \u00e0 la m\u00e9diation artistique ou \u00e0 d\u2019autres techniques sp\u00e9cifiques appropri\u00e9es aux soins post-traumatiques (telles que la Narrative Exposure therapy et les Grounding techniques).<\/p>\n<p>J\u2019aime consid\u00e9rer les personnes que je soutiens comme des co-producteurs de leur sant\u00e9 psychique.<\/p>\n","protected":false},"excerpt":{"rendered":"<p>Je propose des consultations cliniques et des psychoth\u00e9rapies br\u00e8ves. Je m\u2019appuie sur la psychanalyse et sur la compl\u00e9mentarit\u00e9 des \u00e9clairages anthropologiques et culturels pour comprendre la souffrance psychique et les difficult\u00e9s rencontr\u00e9es. Mon approche consiste donc en une th\u00e9rapie par la parole qui tient compte de la vie psychique inconsciente, des \u00e9v\u00e8nements de vie pass\u00e9s ... <\/p>\n","protected":false},"author":1,"featured_media":0,"parent":0,"menu_order":30,"comment_status":"closed","ping_status":"closed","template":"","meta":{"footnotes":""},"tags":[],"class_list":["post-39","page","type-page","status-publish","hentry"],"_links":{"self":[{"href":"https:\/\/murielgenot.com\/fr\/wp-json\/wp\/v2\/pages\/39","targetHints":{"allow":["GET"]}}],"collection":[{"href":"https:\/\/murielgenot.com\/fr\/wp-json\/wp\/v2\/pages"}],"about":[{"href":"https:\/\/murielgenot.com\/fr\/wp-json\/wp\/v2\/types\/page"}],"author":[{"embeddable":true,"href":"https:\/\/murielgenot.com\/fr\/wp-json\/wp\/v2\/users\/1"}],"replies":[{"embeddable":true,"href":"https:\/\/murielgenot.com\/fr\/wp-json\/wp\/v2\/comments?post=39"}],"version-history":[{"count":2,"href":"https:\/\/murielgenot.com\/fr\/wp-json\/wp\/v2\/pages\/39\/revisions"}],"predecessor-version":[{"id":100,"href":"https:\/\/murielgenot.com\/fr\/wp-json\/wp\/v2\/pages\/39\/revisions\/100"}],"wp:attachment":[{"href":"https:\/\/murielgenot.com\/fr\/wp-json\/wp\/v2\/media?parent=39"}],"wp:term":[{"taxonomy":"post_tag","embeddable":true,"href":"https:\/\/murielgenot.com\/fr\/wp-json\/wp\/v2\/tags?post=39"}],"curies":[{"name":"wp","href":"https:\/\/api.w.org\/{rel}","templated":true}]}}