{"id":24,"date":"2017-12-13T09:50:27","date_gmt":"2017-12-13T08:50:27","guid":{"rendered":"http:\/\/murielgenot.com\/fr\/?page_id=24"},"modified":"2018-01-09T13:30:18","modified_gmt":"2018-01-09T12:30:18","slug":"pourquoi-consulter-a-distance","status":"publish","type":"page","link":"https:\/\/murielgenot.com\/fr\/pourquoi-consulter-a-distance\/","title":{"rendered":"Pourquoi consulter\u00a0\u00e0 distance ?"},"content":{"rendered":"<h3>Des stress et un moment<\/h3>\n<p>Les travailleurs humanitaires sont anim\u00e9s de motivations puissantes qui sont toutes \u00e0 la fois des ressources et des mises en tension potentielles. Ils sont soumis \u00e0 une vari\u00e9t\u00e9 de facteurs de stress internes et externes d\u2019intensit\u00e9s variables selon les contextes de travail, les postes qu\u2019ils occupent et les p\u00e9riodes de la vie. Chacun peut \u00e0 un moment donn\u00e9 de son histoire voir son \u00e9quilibre se fragiliser et avoir alors besoin d\u2019une aide professionnelle pour r\u00e9tablir un lien cr\u00e9atif avec lui-m\u00eame et son environnement.<\/p>\n<p>Sur les terrains humanitaires l\u2019offre en mati\u00e8re de soin psychique ou d\u2019accompagnement psychologique est g\u00e9n\u00e9ralement pauvre. Lorsqu\u2019ils sont disponibles ils ont toutes les chances d\u2019\u00eatre inadapt\u00e9s aux besoins et contraintes d\u2019un\/e travailleur\/se humanitaire. Pour autant, renoncer \u00e0 se faire aider est bien souvent une source de souffrances suppl\u00e9mentaires, souffrance personnelle et souffrance au travail.<\/p>\n<p><strong>Solliciter et recevoir de l\u2019aide au moment juste est\u00a0:<\/strong><\/p>\n<ul id=\"pourquoi\">\n<li><strong>une chance que l\u2019on se donne de d\u00e9passer la crise en \u00e9vitant la rupture,<\/strong><\/li>\n<li><strong>une premi\u00e8re \u00e9tape cruciale pour restaurer sa continuit\u00e9 d\u2019\u00eatre,<\/strong><\/li>\n<li><strong>et une excellente mani\u00e8re de prendre soin de soi.<\/strong><\/li>\n<\/ul>\n<h3>Des raisons pour consulter<\/h3>\n<p>Une grande diversit\u00e9 de raisons peut amener un\/e travailleur\/se humanitaire \u00e0 consulter \u00e0 distance pendant sa mission\u00a0; en voici quelques-unes dont la liste n\u2019est pas exhaustive\u00a0:<\/p>\n<ul>\n<li>D\u00e9butant dans le m\u00e9tier la rencontre avec la r\u00e9alit\u00e9 du terrain se r\u00e9v\u00e8le un facteur de d\u00e9stabilisation personnelle et professionnelle.<\/li>\n<li>Travailleur humanitaire confirm\u00e9, le sens de cet engagement personnel et professionnel se trouve questionn\u00e9 de mani\u00e8re critique \u00e0 la faveur d\u2019un \u00e9v\u00e8nement sp\u00e9cifique ou sans raison apparente.<\/li>\n<li>Ayant chemin\u00e9 jusqu\u2019\u00e0 occuper un poste international, un ex-personnel national se trouve en grande difficult\u00e9 \u00e0 l\u2019abord de ce d\u00e9fi d\u2019importance.<\/li>\n<li>A distance de quelques semaines d\u2019un incident critique qu\u2019elle a travers\u00e9, la personne n\u2019arrive pas \u00e0 retrouver son \u00e9quilibre professionnel et\/ou personnel.<\/li>\n<li>Une s\u00e9paration familiale forc\u00e9e met le lien en souffrance.<\/li>\n<\/ul>\n<p>Le retour\/la fin de mission sont \u00e9galement des moments particuliers au cours desquels des difficult\u00e9s nouvelles ou anciennes peuvent \u00e9merger et constituer des motifs de consultation \u00e0 distance\u00a0:<\/p>\n<ul>\n<li>L\u2019un des quatre premiers points cit\u00e9s ci-dessus peut se r\u00e9aliser dans l\u2019apr\u00e8s-coup du retour.<\/li>\n<li>Les retrouvailles et la reconfiguration familiales associ\u00e9es au retour\/\u00e0 une nouvelle perspective de mission s\u2019av\u00e8rent compliqu\u00e9es.<\/li>\n<\/ul>\n<p>Il est important de rappeler qu\u2019il n\u2019y a pas de bonne ou de mauvaise raison pour consulter\u00a0; s\u2019y engager signifie simplement qu\u2019une souffrance a \u00e9t\u00e9 reconnue et demande \u00e0 \u00eatre soulag\u00e9e.<\/p>\n<h3>De la continuit\u00e9<\/h3>\n<p>En outre le\/la travailleur\/se humanitaire consultant \u00e0 distance s\u2019assure de pouvoir poursuivre :<\/p>\n<ul>\n<li>Un travail d\u00e9j\u00e0 engag\u00e9 depuis son terrain de mission malgr\u00e9 son retour et pr\u00e9server une continuit\u00e9 en contrepoids des ruptures dont s\u2019assortie sa vie.<\/li>\n<li>Avec le\/la m\u00eame praticien\/ne quelle que soit sa localisation future (en cas de nouveau d\u00e9part).<\/li>\n<\/ul>\n","protected":false},"excerpt":{"rendered":"<p>Des stress et un moment Les travailleurs humanitaires sont anim\u00e9s de motivations puissantes qui sont toutes \u00e0 la fois des ressources et des mises en tension potentielles. Ils sont soumis \u00e0 une vari\u00e9t\u00e9 de facteurs de stress internes et externes d\u2019intensit\u00e9s variables selon les contextes de travail, les postes qu\u2019ils occupent et les p\u00e9riodes de ... <\/p>\n","protected":false},"author":1,"featured_media":0,"parent":0,"menu_order":20,"comment_status":"closed","ping_status":"closed","template":"","meta":{"footnotes":""},"tags":[],"class_list":["post-24","page","type-page","status-publish","hentry"],"_links":{"self":[{"href":"https:\/\/murielgenot.com\/fr\/wp-json\/wp\/v2\/pages\/24","targetHints":{"allow":["GET"]}}],"collection":[{"href":"https:\/\/murielgenot.com\/fr\/wp-json\/wp\/v2\/pages"}],"about":[{"href":"https:\/\/murielgenot.com\/fr\/wp-json\/wp\/v2\/types\/page"}],"author":[{"embeddable":true,"href":"https:\/\/murielgenot.com\/fr\/wp-json\/wp\/v2\/users\/1"}],"replies":[{"embeddable":true,"href":"https:\/\/murielgenot.com\/fr\/wp-json\/wp\/v2\/comments?post=24"}],"version-history":[{"count":9,"href":"https:\/\/murielgenot.com\/fr\/wp-json\/wp\/v2\/pages\/24\/revisions"}],"predecessor-version":[{"id":108,"href":"https:\/\/murielgenot.com\/fr\/wp-json\/wp\/v2\/pages\/24\/revisions\/108"}],"wp:attachment":[{"href":"https:\/\/murielgenot.com\/fr\/wp-json\/wp\/v2\/media?parent=24"}],"wp:term":[{"taxonomy":"post_tag","embeddable":true,"href":"https:\/\/murielgenot.com\/fr\/wp-json\/wp\/v2\/tags?post=24"}],"curies":[{"name":"wp","href":"https:\/\/api.w.org\/{rel}","templated":true}]}}