{"id":11,"date":"2017-12-13T09:34:29","date_gmt":"2017-12-13T08:34:29","guid":{"rendered":"http:\/\/murielgenot.com\/fr\/?page_id=11"},"modified":"2018-01-09T13:31:30","modified_gmt":"2018-01-09T12:31:30","slug":"qui-suis-je","status":"publish","type":"page","link":"https:\/\/murielgenot.com\/fr\/qui-suis-je\/","title":{"rendered":"Qui suis-je ?"},"content":{"rendered":"<p>Psychologue clinicienne dipl\u00f4m\u00e9e de l&rsquo;universit\u00e9 Paris V, j&rsquo;ai compl\u00e9t\u00e9 ma formation initiale par un dipl\u00f4me universitaire en Psychiatrie transculturelle obtenu \u00e0 l&rsquo;universit\u00e9 Paris XIII.<\/p>\n<h3>Exp\u00e9rience du terrain<\/h3>\n<p>J&rsquo;ai travaill\u00e9 15 ann\u00e9es sur les terrains humanitaires pour des organisations internationales d\u2019envergure telles que M\u00e9decins Sans Fronti\u00e8res (MSF), the Center for Victims of Torture (CVT) ou Handicap International (HI). J&rsquo;ai \u00e9t\u00e9 en poste sur des programmes d&rsquo;assistance d&rsquo;urgence dans des pays en situation de conflit ou de post-conflit en Asie, Afrique, Am\u00e9rique Latine et au Moyen-Orient. Les r\u00e9alit\u00e9s du travail humanitaire en contexte tendu ainsi que les conditions de vie qui y sont associ\u00e9es me sont tr\u00e8s famili\u00e8res. En tant que responsable de programme, je me suis faite l\u2019avocate des indispensables politiques de soutien au personnel que j\u2019ai ensuite mises en place. Au cours des derni\u00e8res ann\u00e9es, j\u2019ai d\u00e9velopp\u00e9 mon activit\u00e9 dans le domaine sp\u00e9cifique du soutien aux travailleurs humanitaires offrant des interventions sur mesure visant la pr\u00e9vention de la souffrance d\u2019origine professionnelle et l\u2019appui au personnel de terrain.<\/p>\n<h3>\u00c9coute clinique et th\u00e9rapeutique<\/h3>\n<p>Les consultations cliniques et psychoth\u00e9rapeutiques constituent le c\u0153ur de ma pratique et de mon exp\u00e9rience professionnelle. Ma sp\u00e9cificit\u00e9 tient dans une \u00e9coute et un accompagnement de la personne faisant face \u00e0 une situation de d\u00e9s\u00e9quilibre, de changement radical ou de rupture (personnels et\/ou professionnels) qu\u2019il s\u2019agisse d\u2019une difficile \u00e9tape de vie, d\u2019un changement de culture, d\u2019un exil, ou d\u2019une rencontre directe ou indirecte avec la violence. Dans ce dernier cas, je m\u2019appuie sur une longue exp\u00e9rience de soin aux personnes souffrant de traumas complexes (victimes de guerre et\/ou de violence intentionnelle).<\/p>\n<h3>Langues et territoires<\/h3>\n<p>Je consulte en fran\u00e7ais, anglais et espagnol et suis famili\u00e8re de la langue arabe parl\u00e9e au Moyen-Orient sans pour autant proposer de suivi au long cours dans cette langue.<\/p>\n<p>J\u2019ai longtemps pratiqu\u00e9 sur le terrain et en face \u00e0 face. Aujourd\u2019hui je consulte principalement \u00e0 distance et me partage entre la France et le Moyen-Orient.<\/p>\n","protected":false},"excerpt":{"rendered":"<p>Psychologue clinicienne dipl\u00f4m\u00e9e de l&rsquo;universit\u00e9 Paris V, j&rsquo;ai compl\u00e9t\u00e9 ma formation initiale par un dipl\u00f4me universitaire en Psychiatrie transculturelle obtenu \u00e0 l&rsquo;universit\u00e9 Paris XIII. Exp\u00e9rience du terrain J&rsquo;ai travaill\u00e9 15 ann\u00e9es sur les terrains humanitaires pour des organisations internationales d\u2019envergure telles que M\u00e9decins Sans Fronti\u00e8res (MSF), the Center for Victims of Torture (CVT) ou Handicap ... <\/p>\n","protected":false},"author":1,"featured_media":0,"parent":0,"menu_order":50,"comment_status":"closed","ping_status":"closed","template":"","meta":{"footnotes":""},"tags":[],"class_list":["post-11","page","type-page","status-publish","hentry"],"_links":{"self":[{"href":"https:\/\/murielgenot.com\/fr\/wp-json\/wp\/v2\/pages\/11","targetHints":{"allow":["GET"]}}],"collection":[{"href":"https:\/\/murielgenot.com\/fr\/wp-json\/wp\/v2\/pages"}],"about":[{"href":"https:\/\/murielgenot.com\/fr\/wp-json\/wp\/v2\/types\/page"}],"author":[{"embeddable":true,"href":"https:\/\/murielgenot.com\/fr\/wp-json\/wp\/v2\/users\/1"}],"replies":[{"embeddable":true,"href":"https:\/\/murielgenot.com\/fr\/wp-json\/wp\/v2\/comments?post=11"}],"version-history":[{"count":6,"href":"https:\/\/murielgenot.com\/fr\/wp-json\/wp\/v2\/pages\/11\/revisions"}],"predecessor-version":[{"id":109,"href":"https:\/\/murielgenot.com\/fr\/wp-json\/wp\/v2\/pages\/11\/revisions\/109"}],"wp:attachment":[{"href":"https:\/\/murielgenot.com\/fr\/wp-json\/wp\/v2\/media?parent=11"}],"wp:term":[{"taxonomy":"post_tag","embeddable":true,"href":"https:\/\/murielgenot.com\/fr\/wp-json\/wp\/v2\/tags?post=11"}],"curies":[{"name":"wp","href":"https:\/\/api.w.org\/{rel}","templated":true}]}}